{"id":8423,"date":"2024-01-31T10:09:05","date_gmt":"2024-01-31T09:09:05","guid":{"rendered":"https:\/\/www.foodmagazine.ma\/?page_id=8423"},"modified":"2024-02-06T08:26:42","modified_gmt":"2024-02-06T07:26:42","slug":"nouveaux-produits","status":"publish","type":"page","link":"https:\/\/foodmagazine.ma\/?page_id=8423","title":{"rendered":"Nouveaux produits"},"content":{"rendered":"\n<div class=\"forminator-guttenberg\"><div class=\"forminator-ui forminator-custom-form forminator-custom-form-8432 forminator-design--bold  forminator_ajax\" data-forminator-render=\"0\" data-form=\"forminator-module-8432\" data-uid=\"69d5736383b24\"><br\/><\/div><form\n\t\t\t\tid=\"forminator-module-8432\"\n\t\t\t\tclass=\"forminator-ui forminator-custom-form forminator-custom-form-8432 forminator-design--bold  forminator_ajax\"\n\t\t\t\tmethod=\"post\"\n\t\t\t\tdata-forminator-render=\"0\"\n\t\t\t\tdata-form-id=\"8432\"\n\t\t\t\t\n\t\t\t\tdata-design=\"bold\"\n\t\t\t\t\n\t\t\t\t\n\t\t\t\t\n\t\t\t\tdata-grid=\"open\"\n\t\t\t\tenctype=\"multipart\/form-data\"\n\t\t\t\t\n\t\t\t\tstyle=\"display: none;\"\n\t\t\t\t\n\t\t\t\tdata-uid=\"69d5736383b24\"\n\t\t\t><div role=\"alert\" aria-live=\"polite\" class=\"forminator-response-message forminator-error\" aria-hidden=\"true\"><\/div><div class=\"forminator-row\"><div id=\"postdata-1\" class=\"forminator-field-postdata forminator-col forminator-col-12 \"><div class=\"forminator-row\"><div class=\"forminator-col forminator-col-12\"><div class=\"forminator-field\"><label for=\"forminator-field-post-title-postdata-1_69d5736383b24\" id=\"forminator-field-post-title-postdata-1_69d5736383b24-label\" class=\"forminator-label\">Nom produit <span class=\"forminator-required\">*<\/span><\/label><input type=\"text\" name=\"postdata-1-post-title\" placeholder=\"\" id=\"forminator-field-post-title-postdata-1_69d5736383b24\" class=\"forminator-input\" required=\"1\" value=\"\" \/><\/div><\/div><\/div><div class=\"forminator-row\"><div class=\"forminator-col forminator-col-12\"><div class=\"forminator-field\"><div class=\"forminator-field--label\"><label for=\"forminator-wp-editor-forminator-field-post-content-postdata-1_69d5736383b24\" id=\"forminator-label-forminator-field-post-content-postdata-1_69d5736383b24\" class=\"forminator-label\">Ingr\u00e9dients <span class=\"forminator-required\">*<\/span><\/label><\/div><div id=\"wp-forminator-wp-editor-forminator-field-post-content-postdata-1_69d5736383b24-wrap\" class=\"wp-core-ui wp-editor-wrap tmce-active\"><link rel='stylesheet' id='dashicons-css' href='https:\/\/www.foodmagazine.ma\/wp-includes\/css\/dashicons.min.css' type='text\/css' media='all' \/>\n<link rel='stylesheet' id='editor-buttons-css' href='https:\/\/www.foodmagazine.ma\/wp-includes\/css\/editor.min.css' type='text\/css' media='all' \/>\n<div id=\"wp-forminator-wp-editor-forminator-field-post-content-postdata-1_69d5736383b24-editor-tools\" class=\"wp-editor-tools hide-if-no-js\"><div class=\"wp-editor-tabs\"><button type=\"button\" id=\"forminator-wp-editor-forminator-field-post-content-postdata-1_69d5736383b24-tmce\" aria-pressed=\"true\" class=\"wp-switch-editor switch-tmce\" data-wp-editor-id=\"forminator-wp-editor-forminator-field-post-content-postdata-1_69d5736383b24\">Visuel<\/button>\n<button type=\"button\" id=\"forminator-wp-editor-forminator-field-post-content-postdata-1_69d5736383b24-html\" class=\"wp-switch-editor switch-html\" data-wp-editor-id=\"forminator-wp-editor-forminator-field-post-content-postdata-1_69d5736383b24\">Code<\/button>\n<\/div>\n<\/div>\n<div id=\"wp-forminator-wp-editor-forminator-field-post-content-postdata-1_69d5736383b24-editor-container\" class=\"wp-editor-container\"><div id=\"qt_forminator-wp-editor-forminator-field-post-content-postdata-1_69d5736383b24_toolbar\" class=\"quicktags-toolbar hide-if-no-js\"><\/div><textarea class=\"forminator-textarea do-validate forminator-wp-editor-required wp-editor-area\" style=\"height: 140px\" autocomplete=\"off\" cols=\"40\" name=\"postdata-1-post-content\" id=\"forminator-wp-editor-forminator-field-post-content-postdata-1_69d5736383b24\"><\/textarea><\/div>\n<\/div>\n\n<\/div><\/div><\/div><div class=\"forminator-row\"><div class=\"forminator-col forminator-col-12\"><div class=\"forminator-field\"><label for=\"forminator-field-post-image-postdata-1_69d5736383b24\" id=\"forminator-field-post-image-postdata-1_69d5736383b24-label\" class=\"forminator-label\">Joindre l&#039;image du produit <span class=\"forminator-required\">*<\/span><\/label><div class=\"forminator-file-upload \" data-element=\"post-image-postdata-1_69d5736383b24\"><input type=\"file\" name=\"postdata-1-post-image\" id=\"forminator-field-post-image-postdata-1_69d5736383b24\" class=\"forminator-input-file-required do-validate\" accept=\".jpg,.jpeg,.jpe,.gif,.png,.bmp\"><button id=\"forminator-field-post-image-postdata-1_69d5736383b24_button\" class=\"forminator-button forminator-button-upload\" data-id=\"forminator-field-post-image-postdata-1_69d5736383b24\">Choisissez un fichier<\/button><span data-empty-text=\"Aucun fichier s\u00e9lectionn\u00e9\">Aucun fichier s\u00e9lectionn\u00e9<\/span><button class=\"forminator-button-delete\" style=\"display: none;\"><i class=\"forminator-icon-close\" aria-hidden=\"true\"><\/i><span class=\"forminator-screen-reader-only\">Supprimer le fichier t\u00e9l\u00e9vers\u00e9<\/span><\/button><\/div><\/div><\/div><\/div><\/div><\/div><div class=\"forminator-row\"><div id=\"name-2\" class=\"forminator-field-name forminator-col forminator-col-12 \"><div class=\"forminator-field\"><label for=\"forminator-field-name-2_69d5736383b24\" id=\"forminator-field-name-2_69d5736383b24-label\" class=\"forminator-label\">Origine <span class=\"forminator-required\">*<\/span><\/label><input type=\"text\" name=\"name-2\" value=\"\" placeholder=\"Pays d&#039;origine\" id=\"forminator-field-name-2_69d5736383b24\" class=\"forminator-input forminator-name--field\" aria-required=\"true\" \/><\/div><\/div><\/div><div class=\"forminator-row\"><div id=\"name-5\" class=\"forminator-field-name forminator-col forminator-col-12 \"><div class=\"forminator-field\"><label for=\"forminator-field-name-5_69d5736383b24\" id=\"forminator-field-name-5_69d5736383b24-label\" class=\"forminator-label\">Importateur (si le produit est d&#039;origine hors du maroc)<\/label><input type=\"text\" name=\"name-5\" value=\"\" placeholder=\"\" id=\"forminator-field-name-5_69d5736383b24\" class=\"forminator-input forminator-name--field\" aria-required=\"false\" \/><\/div><\/div><\/div><div class=\"forminator-row\"><div id=\"name-3\" class=\"forminator-field-name forminator-col forminator-col-12 \"><div class=\"forminator-field\"><label for=\"forminator-field-name-3_69d5736383b24\" id=\"forminator-field-name-3_69d5736383b24-label\" class=\"forminator-label\">Poids en gramme <span class=\"forminator-required\">*<\/span><\/label><input type=\"text\" name=\"name-3\" value=\"\" placeholder=\"\" id=\"forminator-field-name-3_69d5736383b24\" class=\"forminator-input forminator-name--field\" aria-required=\"true\" \/><\/div><\/div><\/div><div class=\"forminator-row\"><div id=\"name-4\" class=\"forminator-field-name forminator-col forminator-col-12 \"><div class=\"forminator-field\"><label for=\"forminator-field-name-4_69d5736383b24\" id=\"forminator-field-name-4_69d5736383b24-label\" class=\"forminator-label\">Prix <span class=\"forminator-required\">*<\/span><\/label><input type=\"text\" name=\"name-4\" value=\"\" placeholder=\"\" id=\"forminator-field-name-4_69d5736383b24\" class=\"forminator-input forminator-name--field\" aria-required=\"true\" \/><\/div><\/div><\/div><input type=\"hidden\" name=\"referer_url\" value=\"\" \/><script type=\"text\/javascript\" src=\"https:\/\/challenges.cloudflare.com\/turnstile\/v0\/api.js?render=explicit\" id=\"cfturnstile-js\"><\/script>\n<style>#cf-turnstile-fmntr-8432 { margin-left: 0px !important; }<\/style>\t\t<div id=\"cf-turnstile-fmntr-8432\"\r\n\t\tclass=\"cf-turnstile\" \t\tdata-sitekey=\"0x4AAAAAABY9VShvKHY27w6b\"\r\n\t\tdata-theme=\"light\"\r\n\t\tdata-language=\"auto\"\r\n\t\tdata-size=\"normal\"\r\n\t\tdata-retry=\"auto\" data-retry-interval=\"1000\"\r\n\t\tdata-action=\"forminator-form-8432\"\r\n\t\t\t\tdata-appearance=\"always\"><\/div>\r\n\t\t\t<script>document.addEventListener(\"DOMContentLoaded\", function() { setTimeout(function(){ var e=document.getElementById(\"cf-turnstile-fmntr-8432\"); e&&!e.innerHTML.trim()&&(turnstile.remove(\"#cf-turnstile-fmntr-8432\"), turnstile.render(\"#cf-turnstile-fmntr-8432\", {sitekey:\"0x4AAAAAABY9VShvKHY27w6b\"})); }, 0); });<\/script>\r\n\t\t\t<br class=\"cf-turnstile-br cf-turnstile-br-fmntr-8432\">\r\n\t\t\t\t<style>#cf-turnstile-fmntr-8432 { margin-left: -15px; }<\/style>\r\n\t\t            <script>\r\n            \/\/ On ajax.complete run turnstile.render if element is empty\r\n            jQuery(document).ajaxComplete(function() {\r\n                setTimeout(function() {\r\n                    if (document.getElementById('cf-turnstile-fmntr-8432')) {\r\n                        if(!document.getElementById('cf-turnstile-fmntr-8432').innerHTML.trim()) {\r\n                                turnstile.remove('#cf-turnstile-fmntr-8432');\r\n                                turnstile.render('#cf-turnstile-fmntr-8432');\r\n                        }\r\n                    }\r\n                }, 1000);\r\n            });\r\n            \/\/ Enable Submit Button Function\r\n            function turnstileForminatorCallback() {\r\n                document.querySelectorAll('.forminator-button, .forminator-button-submit').forEach(function(el) {\r\n                    el.style.pointerEvents = 'auto';\r\n                    el.style.opacity = '1';\r\n                });\r\n            }\r\n            \/\/ On submit re-render\r\n            jQuery(document).ready(function() {\r\n                jQuery('.forminator-custom-form').on('submit', function() {\r\n                    if(document.getElementById('cf-turnstile-fmntr-8432')) {\r\n                        setTimeout(function() {\r\n                            turnstile.remove('#cf-turnstile-fmntr-8432');\r\n                            turnstile.render('#cf-turnstile-fmntr-8432');\r\n                        }, 1000);\r\n                    }\r\n                });\r\n            });\r\n            <\/script>\r\n            <div class=\"forminator-row forminator-row-last\"><div class=\"forminator-col\"><div class=\"forminator-field\"><button class=\"forminator-button forminator-button-submit\">Envoyer<\/button><\/div><\/div><\/div><input type=\"hidden\" id=\"forminator_nonce\" name=\"forminator_nonce\" value=\"9b715c3497\" \/><input type=\"hidden\" name=\"_wp_http_referer\" value=\"\/index.php?rest_route=%2Fwp%2Fv2%2Fpages%2F8423\" \/><input type=\"hidden\" name=\"form_id\" value=\"8432\"><input type=\"hidden\" name=\"page_id\" value=\"8423\"><input type=\"hidden\" name=\"form_type\" value=\"default\"><input type=\"hidden\" name=\"current_url\" value=\"https:\/\/foodmagazine.ma\/?page_id=8423\"><input type=\"hidden\" name=\"render_id\" value=\"0\"><input type=\"hidden\" name=\"action\" value=\"forminator_submit_form_custom-forms\"><\/form><\/div>\n","protected":false},"excerpt":{"rendered":"","protected":false},"author":1,"featured_media":0,"parent":0,"menu_order":0,"comment_status":"closed","ping_status":"closed","template":"","meta":{"footnotes":""},"class_list":["post-8423","page","type-page","status-publish",""],"aioseo_notices":[],"_links":{"self":[{"href":"https:\/\/foodmagazine.ma\/index.php?rest_route=\/wp\/v2\/pages\/8423","targetHints":{"allow":["GET"]}}],"collection":[{"href":"https:\/\/foodmagazine.ma\/index.php?rest_route=\/wp\/v2\/pages"}],"about":[{"href":"https:\/\/foodmagazine.ma\/index.php?rest_route=\/wp\/v2\/types\/page"}],"author":[{"embeddable":true,"href":"https:\/\/foodmagazine.ma\/index.php?rest_route=\/wp\/v2\/users\/1"}],"replies":[{"embeddable":true,"href":"https:\/\/foodmagazine.ma\/index.php?rest_route=%2Fwp%2Fv2%2Fcomments&post=8423"}],"version-history":[{"count":5,"href":"https:\/\/foodmagazine.ma\/index.php?rest_route=\/wp\/v2\/pages\/8423\/revisions"}],"predecessor-version":[{"id":8437,"href":"https:\/\/foodmagazine.ma\/index.php?rest_route=\/wp\/v2\/pages\/8423\/revisions\/8437"}],"wp:attachment":[{"href":"https:\/\/foodmagazine.ma\/index.php?rest_route=%2Fwp%2Fv2%2Fmedia&parent=8423"}],"curies":[{"name":"wp","href":"https:\/\/api.w.org\/{rel}","templated":true}]}}